{"id":4575,"date":"2024-02-25T08:35:48","date_gmt":"2024-02-25T11:35:48","guid":{"rendered":"http:\/\/recantodaspedras-rj.com.br\/?post_type=product&#038;p=4575"},"modified":"2024-02-25T08:35:48","modified_gmt":"2024-02-25T11:35:48","slug":"filetao-pedra-miracema-exportacao","status":"publish","type":"product","link":"https:\/\/recantodaspedras-rj.com.br\/?product=filetao-pedra-miracema-exportacao","title":{"rendered":"FILET\u00c3O PEDRA MIRACEMA EXPORTA\u00c7\u00c3O"},"content":{"rendered":"","protected":false},"excerpt":{"rendered":"","protected":false},"featured_media":4576,"template":"","meta":[],"product_cat":[97],"product_tag":[],"class_list":{"0":"post-4575","1":"product","2":"type-product","3":"status-publish","4":"has-post-thumbnail","6":"product_cat-pedra-miracema","8":"first","9":"instock","10":"shipping-taxable","11":"product-type-simple","12":"col-xs-6 col-sm-4","13":"col-md-3 col-lg-3","14":"un-4-cols"},"_links":{"self":[{"href":"https:\/\/recantodaspedras-rj.com.br\/index.php?rest_route=\/wp\/v2\/product\/4575","targetHints":{"allow":["GET"]}}],"collection":[{"href":"https:\/\/recantodaspedras-rj.com.br\/index.php?rest_route=\/wp\/v2\/product"}],"about":[{"href":"https:\/\/recantodaspedras-rj.com.br\/index.php?rest_route=\/wp\/v2\/types\/product"}],"wp:featuredmedia":[{"embeddable":true,"href":"https:\/\/recantodaspedras-rj.com.br\/index.php?rest_route=\/wp\/v2\/media\/4576"}],"wp:attachment":[{"href":"https:\/\/recantodaspedras-rj.com.br\/index.php?rest_route=%2Fwp%2Fv2%2Fmedia&parent=4575"}],"wp:term":[{"taxonomy":"product_cat","embeddable":true,"href":"https:\/\/recantodaspedras-rj.com.br\/index.php?rest_route=%2Fwp%2Fv2%2Fproduct_cat&post=4575"},{"taxonomy":"product_tag","embeddable":true,"href":"https:\/\/recantodaspedras-rj.com.br\/index.php?rest_route=%2Fwp%2Fv2%2Fproduct_tag&post=4575"}],"curies":[{"name":"wp","href":"https:\/\/api.w.org\/{rel}","templated":true}]}}