{"id":4248,"date":"2022-04-02T14:39:02","date_gmt":"2022-04-02T17:39:02","guid":{"rendered":"http:\/\/recantodaspedras-rj.com.br\/?post_type=product&#038;p=4248"},"modified":"2025-10-14T09:52:16","modified_gmt":"2025-10-14T12:52:16","slug":"cacao-de-sao-tome","status":"publish","type":"product","link":"https:\/\/recantodaspedras-rj.com.br\/?product=cacao-de-sao-tome","title":{"rendered":"Cac\u00e3o de S\u00e3o Tom\u00e9"},"content":{"rendered":"","protected":false},"excerpt":{"rendered":"","protected":false},"featured_media":4325,"template":"","meta":[],"product_cat":[93,99],"product_tag":[],"class_list":{"0":"post-4248","1":"product","2":"type-product","3":"status-publish","4":"has-post-thumbnail","6":"product_cat-cacao","7":"product_cat-cacao-sao-tome","9":"first","10":"instock","11":"featured","12":"shipping-taxable","13":"product-type-simple","14":"col-xs-6 col-sm-4","15":"col-md-3 col-lg-3","16":"un-4-cols"},"_links":{"self":[{"href":"https:\/\/recantodaspedras-rj.com.br\/index.php?rest_route=\/wp\/v2\/product\/4248","targetHints":{"allow":["GET"]}}],"collection":[{"href":"https:\/\/recantodaspedras-rj.com.br\/index.php?rest_route=\/wp\/v2\/product"}],"about":[{"href":"https:\/\/recantodaspedras-rj.com.br\/index.php?rest_route=\/wp\/v2\/types\/product"}],"wp:featuredmedia":[{"embeddable":true,"href":"https:\/\/recantodaspedras-rj.com.br\/index.php?rest_route=\/wp\/v2\/media\/4325"}],"wp:attachment":[{"href":"https:\/\/recantodaspedras-rj.com.br\/index.php?rest_route=%2Fwp%2Fv2%2Fmedia&parent=4248"}],"wp:term":[{"taxonomy":"product_cat","embeddable":true,"href":"https:\/\/recantodaspedras-rj.com.br\/index.php?rest_route=%2Fwp%2Fv2%2Fproduct_cat&post=4248"},{"taxonomy":"product_tag","embeddable":true,"href":"https:\/\/recantodaspedras-rj.com.br\/index.php?rest_route=%2Fwp%2Fv2%2Fproduct_tag&post=4248"}],"curies":[{"name":"wp","href":"https:\/\/api.w.org\/{rel}","templated":true}]}}