{"id":4208,"date":"2022-04-02T14:36:28","date_gmt":"2022-04-02T17:36:28","guid":{"rendered":"http:\/\/recantodaspedras-rj.com.br\/?post_type=product&#038;p=4208"},"modified":"2022-04-02T14:40:05","modified_gmt":"2022-04-02T17:40:05","slug":"filete-sao-tome-amarelo-exportacao","status":"publish","type":"product","link":"https:\/\/recantodaspedras-rj.com.br\/?product=filete-sao-tome-amarelo-exportacao","title":{"rendered":"Filete s\u00e3o Tom\u00e9 amarelo exporta\u00e7\u00e3o"},"content":{"rendered":"","protected":false},"excerpt":{"rendered":"","protected":false},"featured_media":4268,"template":"","meta":[],"product_cat":[92],"product_tag":[],"class_list":{"0":"post-4208","1":"product","2":"type-product","3":"status-publish","4":"has-post-thumbnail","6":"product_cat-filete","8":"first","9":"instock","10":"shipping-taxable","11":"product-type-simple","12":"col-xs-6 col-sm-4","13":"col-md-3 col-lg-3","14":"un-4-cols"},"_links":{"self":[{"href":"https:\/\/recantodaspedras-rj.com.br\/index.php?rest_route=\/wp\/v2\/product\/4208","targetHints":{"allow":["GET"]}}],"collection":[{"href":"https:\/\/recantodaspedras-rj.com.br\/index.php?rest_route=\/wp\/v2\/product"}],"about":[{"href":"https:\/\/recantodaspedras-rj.com.br\/index.php?rest_route=\/wp\/v2\/types\/product"}],"wp:featuredmedia":[{"embeddable":true,"href":"https:\/\/recantodaspedras-rj.com.br\/index.php?rest_route=\/wp\/v2\/media\/4268"}],"wp:attachment":[{"href":"https:\/\/recantodaspedras-rj.com.br\/index.php?rest_route=%2Fwp%2Fv2%2Fmedia&parent=4208"}],"wp:term":[{"taxonomy":"product_cat","embeddable":true,"href":"https:\/\/recantodaspedras-rj.com.br\/index.php?rest_route=%2Fwp%2Fv2%2Fproduct_cat&post=4208"},{"taxonomy":"product_tag","embeddable":true,"href":"https:\/\/recantodaspedras-rj.com.br\/index.php?rest_route=%2Fwp%2Fv2%2Fproduct_tag&post=4208"}],"curies":[{"name":"wp","href":"https:\/\/api.w.org\/{rel}","templated":true}]}}