{"id":4204,"date":"2022-04-02T14:36:21","date_gmt":"2022-04-02T17:36:21","guid":{"rendered":"http:\/\/recantodaspedras-rj.com.br\/?post_type=product&#038;p=4204"},"modified":"2025-01-31T11:22:33","modified_gmt":"2025-01-31T14:22:33","slug":"cacao-de-pedra-sao-tome","status":"publish","type":"product","link":"https:\/\/recantodaspedras-rj.com.br\/?product=cacao-de-pedra-sao-tome","title":{"rendered":"Cac\u00e3o de Pedra s\u00e3o Tom\u00e9"},"content":{"rendered":"","protected":false},"excerpt":{"rendered":"","protected":false},"featured_media":4259,"template":"","meta":[],"product_cat":[93,99],"product_tag":[],"class_list":{"0":"post-4204","1":"product","2":"type-product","3":"status-publish","4":"has-post-thumbnail","6":"product_cat-cacao","7":"product_cat-cacao-sao-tome","9":"first","10":"instock","11":"featured","12":"shipping-taxable","13":"product-type-simple","14":"col-xs-6 col-sm-4","15":"col-md-3 col-lg-3","16":"un-4-cols"},"_links":{"self":[{"href":"https:\/\/recantodaspedras-rj.com.br\/index.php?rest_route=\/wp\/v2\/product\/4204","targetHints":{"allow":["GET"]}}],"collection":[{"href":"https:\/\/recantodaspedras-rj.com.br\/index.php?rest_route=\/wp\/v2\/product"}],"about":[{"href":"https:\/\/recantodaspedras-rj.com.br\/index.php?rest_route=\/wp\/v2\/types\/product"}],"wp:featuredmedia":[{"embeddable":true,"href":"https:\/\/recantodaspedras-rj.com.br\/index.php?rest_route=\/wp\/v2\/media\/4259"}],"wp:attachment":[{"href":"https:\/\/recantodaspedras-rj.com.br\/index.php?rest_route=%2Fwp%2Fv2%2Fmedia&parent=4204"}],"wp:term":[{"taxonomy":"product_cat","embeddable":true,"href":"https:\/\/recantodaspedras-rj.com.br\/index.php?rest_route=%2Fwp%2Fv2%2Fproduct_cat&post=4204"},{"taxonomy":"product_tag","embeddable":true,"href":"https:\/\/recantodaspedras-rj.com.br\/index.php?rest_route=%2Fwp%2Fv2%2Fproduct_tag&post=4204"}],"curies":[{"name":"wp","href":"https:\/\/api.w.org\/{rel}","templated":true}]}}