{"id":4156,"date":"2022-04-02T14:34:13","date_gmt":"2022-04-02T17:34:13","guid":{"rendered":"http:\/\/recantodaspedras-rj.com.br\/?post_type=product&#038;p=4156"},"modified":"2022-04-02T14:35:37","modified_gmt":"2022-04-02T17:35:37","slug":"filete-sao-tome-exportacao-1-a-3-cm","status":"publish","type":"product","link":"https:\/\/recantodaspedras-rj.com.br\/?product=filete-sao-tome-exportacao-1-a-3-cm","title":{"rendered":"Filete S\u00e3o Tom\u00e9 Exporta\u00e7\u00e3o ( 1 a 3 cm )"},"content":{"rendered":"","protected":false},"excerpt":{"rendered":"","protected":false},"featured_media":4190,"template":"","meta":[],"product_cat":[92],"product_tag":[],"class_list":{"0":"post-4156","1":"product","2":"type-product","3":"status-publish","4":"has-post-thumbnail","6":"product_cat-filete","8":"first","9":"instock","10":"shipping-taxable","11":"product-type-simple","12":"col-xs-6 col-sm-4","13":"col-md-3 col-lg-3","14":"un-4-cols"},"_links":{"self":[{"href":"https:\/\/recantodaspedras-rj.com.br\/index.php?rest_route=\/wp\/v2\/product\/4156","targetHints":{"allow":["GET"]}}],"collection":[{"href":"https:\/\/recantodaspedras-rj.com.br\/index.php?rest_route=\/wp\/v2\/product"}],"about":[{"href":"https:\/\/recantodaspedras-rj.com.br\/index.php?rest_route=\/wp\/v2\/types\/product"}],"wp:featuredmedia":[{"embeddable":true,"href":"https:\/\/recantodaspedras-rj.com.br\/index.php?rest_route=\/wp\/v2\/media\/4190"}],"wp:attachment":[{"href":"https:\/\/recantodaspedras-rj.com.br\/index.php?rest_route=%2Fwp%2Fv2%2Fmedia&parent=4156"}],"wp:term":[{"taxonomy":"product_cat","embeddable":true,"href":"https:\/\/recantodaspedras-rj.com.br\/index.php?rest_route=%2Fwp%2Fv2%2Fproduct_cat&post=4156"},{"taxonomy":"product_tag","embeddable":true,"href":"https:\/\/recantodaspedras-rj.com.br\/index.php?rest_route=%2Fwp%2Fv2%2Fproduct_tag&post=4156"}],"curies":[{"name":"wp","href":"https:\/\/api.w.org\/{rel}","templated":true}]}}